{"id":2996,"date":"2024-11-21T18:14:07","date_gmt":"2024-11-21T17:14:07","guid":{"rendered":"https:\/\/museoralli.es\/irrealidades\/?page_id=2996"},"modified":"2025-05-11T13:50:42","modified_gmt":"2025-05-11T11:50:42","slug":"politica-de-cookies","status":"publish","type":"page","link":"https:\/\/museoralli.es\/irrealidades\/politica-de-cookies\/","title":{"rendered":"Pol\u00edtica de cookies"},"content":{"rendered":"\n<h2 class=\"wp-block-heading\"><strong>\u00bfQU\u00c9 SON LAS COOKIES?<\/strong><\/h2>\n\n\n\n<p><strong>Museo Ralli, S.L<\/strong> es responsable de la p\u00e1gina web http:\/\/www.museoralli.es, y utiliza cookies y\/u otros archivos de funcionalidad similar (en adelante \u201cCookies\u201d).<\/p>\n\n\n\n<p>Una cookie es un archivo de texto que un sitio web, aplicaci\u00f3n u otra plataforma guarda en tu dispositivo, como tu computadora, tableta o tel\u00e9fono inteligente. Contiene informaci\u00f3n sobre tu navegaci\u00f3n o uso, como una etiqueta que identifica tu dispositivo. Las cookies son necesarias para facilitar la navegaci\u00f3n y comprender c\u00f3mo interact\u00faan los usuarios con las webs, lo que permite realizar mejoras. Tambi\u00e9n son \u00fatiles para personalizar la publicidad seg\u00fan tus preferencias y para otras finalidades detalladas m\u00e1s adelante. Las cookies no da\u00f1an tu dispositivo.<\/p>\n\n\n\n<h3 class=\"wp-block-heading\"><strong>TIPOLOG\u00cdA DE COOKIES&nbsp;<\/strong><\/h3>\n\n\n\n<p>Por favor, revisa esta secci\u00f3n que brinda una descripci\u00f3n general de los diferentes tipos de cookies que se pueden utilizar en un entorno en l\u00ednea.<\/p>\n\n\n\n<p>Seg\u00fan el propietario de las cookies, se pueden clasificar en:<\/p>\n\n\n\n<ol class=\"wp-block-list\">\n<li>Cookies propias: Estas cookies se env\u00edan al ordenador o dispositivo del usuario desde el equipo o dominio gestionado por el propio editor, que proporciona la web o servicio solicitado por el usuario.<\/li>\n\n\n\n<li>Cookies de terceros: Estas cookies se env\u00edan al ordenador o dispositivo del usuario desde un equipo o dominio que no es gestionado por el editor, sino por otra entidad que procesa los datos obtenidos a trav\u00e9s de las cookies.<\/li>\n<\/ol>\n\n\n\n<p>En funci\u00f3n de la finalidad de la Cookie, pueden clasificarse en:<\/p>\n\n\n\n<ul class=\"wp-block-list\">\n<li>Las <strong>cookies estrictamente necesarias (t\u00e9cnicas)<\/strong> son aquellas que permiten al usuario navegar por una p\u00e1gina web, plataforma o aplicaci\u00f3n y utilizar las diferentes opciones o servicios que se ofrecen en ellas. Estas cookies desempe\u00f1an funciones esenciales, como controlar el tr\u00e1fico, identificar datos o sesiones, acceder a secciones restringidas, recordar elementos de un pedido, gestionar pagos, garantizar la seguridad del servicio, permitir la participaci\u00f3n en eventos, almacenar contenidos multimedia y compartir contenido en redes sociales. Estas cookies t\u00e9cnicas se descargan autom\u00e1ticamente cuando se muestra la web o se brinda el servicio solicitado por el usuario.<\/li>\n\n\n\n<li>Las <strong>cookies de funcionalidad o personalizaci\u00f3n<\/strong> son aquellas que permiten recordar informaci\u00f3n para proporcionar al usuario un servicio o plataforma con caracter\u00edsticas espec\u00edficas que diferencian su experiencia de la de otros usuarios. Estas caracter\u00edsticas pueden incluir el idioma, el n\u00famero de resultados mostrados en una b\u00fasqueda, el aspecto o contenido del servicio en funci\u00f3n del navegador utilizado o la regi\u00f3n desde la que se accede al servicio, entre otros. No aceptar estas cookies puede resultar en un rendimiento lento de la p\u00e1gina web o recomendaciones inadecuadas.<\/li>\n\n\n\n<li>Las <strong>cookies de an\u00e1lisis<\/strong> se emplean para recopilar informaci\u00f3n sobre el n\u00famero de usuarios, las secciones visitadas en la web y su interacci\u00f3n con la misma. Estos datos se utilizan para realizar un an\u00e1lisis estad\u00edstico de la utilizaci\u00f3n que hacen los usuarios del servicio, con el objetivo de identificar \u00e1reas de mejora basadas en los patrones de uso.<\/li>\n\n\n\n<li>Las <strong>cookies de publicidad comportamental<\/strong> registran y almacenan informaci\u00f3n sobre los h\u00e1bitos de navegaci\u00f3n de los usuarios, lo que facilita la creaci\u00f3n de perfiles espec\u00edficos para mostrar anuncios personalizados. Estas cookies permiten una gesti\u00f3n eficiente de los espacios publicitarios que el editor ha incluido, ya sea de forma directa o en colaboraci\u00f3n con terceros.<\/li>\n<\/ul>\n\n\n\n<h3 class=\"wp-block-heading\"><strong>FINALIDAD DE LAS COOKIES EN NUESTRA WEB<\/strong><\/h3>\n\n\n\n<p>Las cookies desempe\u00f1an un papel fundamental en el funcionamiento de nuestra web. Su objetivo principal es permitir una navegaci\u00f3n m\u00e1s c\u00f3moda y eficiente. Por ejemplo, se utilizan para recordar tus preferencias durante la navegaci\u00f3n y en futuras visitas.&nbsp;<\/p>\n\n\n\n<p>Tambi\u00e9n nos ayudan a personalizar la publicidad en funci\u00f3n de tus h\u00e1bitos de navegaci\u00f3n. La informaci\u00f3n recopilada a trav\u00e9s de las cookies nos permite realizar estimaciones estad\u00edsticas y an\u00e1lisis de uso, como el n\u00famero de visitas y las secciones m\u00e1s consultadas. Esto nos permite mejorar nuestros servicios y adaptar la plataforma a tus intereses individuales.&nbsp;<\/p>\n\n\n\n<p>En algunas ocasiones, utilizamos cookies para recopilar informaci\u00f3n que nos permite mostrar publicidad basada en tus h\u00e1bitos de navegaci\u00f3n en nuestra plataforma y otras plataformas de terceros.<\/p>\n\n\n\n<p>A continuaci\u00f3n, se detallan tanto los terceros que pueden configurar y acceder a Cookies de su equipo, como las finalidades con las que se utiliza la informaci\u00f3n que almacenan:<\/p>\n\n\n\n<figure class=\"wp-block-table\"><table class=\"has-fixed-layout\"><tbody><tr><td><strong>FINALIDAD<\/strong><\/td><td><strong>TERCERO<\/strong><\/td><td><strong>ACEPTAR O RECHAZAR<\/strong><\/td><td><strong>M\u00c1S INFORMACI\u00d3N<\/strong><\/td><\/tr><tr><td>An\u00e1lisis: Las cookies anal\u00edticas se utilizanpara elaborar perfiles de navegaci\u00f3n y poderconocer las preferencias de los usuarios conel fin de mejorar la oferta de productos y servicios.<\/td><td>Google<\/td><td>AceptarRechazar<\/td><td><a href=\"https:\/\/developers.google.com\/analytics\/devguides\/collection\/analyticsjs\/cookie-usage\">Pulse aqu\u00ed<\/a><\/td><\/tr><tr><td>Redes sociales: con las que interactuamos en nuestra web utilizan cookies en sus botones para compartir. No tenemos ninguna intervenci\u00f3n, control o reporte de resultados, son responsabilidad de cada red social. Cuando el Usuario se registra en un Servicio con credenciales de una red social, autoriza a la red social a guardar una Cookie persistente que recuerda su identidad y le garantiza acceso a los Servicios hasta que expira. El Usuario puede borrar esta Cookie y revocar el acceso a los Servicios mediante redes sociales actualizando sus preferencias en la red social que espec\u00edfica.&nbsp;<\/td><td>Facebook&nbsp;Connect<\/td><td>AceptarRechazar<\/td><td><a href=\"https:\/\/www.facebook.com\/about\/privacy\">Pulse aqu\u00ed<\/a><\/td><\/tr><\/tbody><\/table><\/figure>\n\n\n\n<h3 class=\"wp-block-heading\"><strong>GESTI\u00d3N COOKIES EN NUESTRA WEB<\/strong><\/h3>\n\n\n\n<p>En el panel de configuraci\u00f3n de cookies, al que puedes acceder en cualquier momento en nuestra plataforma, encontrar\u00e1s informaci\u00f3n detallada sobre las cookies que utilizamos. En \u00e9l, se especifica su prop\u00f3sito, duraci\u00f3n y qui\u00e9n las gestiona (nosotros o terceros). Este panel<\/p>\n\n\n\n<p>te permite gestionar la activaci\u00f3n y desactivaci\u00f3n de aquellas cookies que no son estrictamente necesarias para el funcionamiento de la plataforma, adem\u00e1s de cambiar tu consentimiento en cualquier momento.&nbsp;<\/p>\n\n\n\n<p>Puedes acceder a la configuraci\u00f3n pulsando <strong>aqu\u00ed<\/strong>, para cambiar tus preferencias o retirar su consentimiento (habilitar link)<\/p>\n\n\n\n<p>Por otro lado, tambi\u00e9n tienes la opci\u00f3n de desactivar el uso de cookies en tu navegador mientras navegas por Internet. A continuaci\u00f3n, te mostramos c\u00f3mo realizar esta configuraci\u00f3n en los navegadores m\u00e1s comunes:<\/p>\n\n\n\n<ul class=\"wp-block-list\">\n<li><a href=\"https:\/\/support.google.com\/chrome\/answer\/95647?co=GENIE.Platform=Desktop&amp;&amp;hl=es\"><strong>Google Chrome<\/strong><\/a><\/li>\n\n\n\n<li><a href=\"https:\/\/support.mozilla.org\/es\/kb\/impedir-que-los-sitios-web-guarden-sus-preferencia\"><strong>Mozilla Firefox<\/strong><\/a><\/li>\n\n\n\n<li><a href=\"https:\/\/support.microsoft.com\/es-es\/help\/17442\/windows-internet-explorer-delete-manage-cookies\"><strong>Internet Explorer<\/strong><\/a><\/li>\n\n\n\n<li><a href=\"https:\/\/privacy.microsoft.com\/es-ES\/windows-10-microsoft-edge-and-privacy\"><strong>Microsoft Edge<\/strong><\/a><\/li>\n\n\n\n<li><a href=\"https:\/\/support.apple.com\/es-es\/HT201265\"><strong>Safari<\/strong><\/a><\/li>\n\n\n\n<li><a href=\"http:\/\/help.opera.com\/Linux\/10.60\/es-ES\/cookies.html\"><strong>Opera<\/strong><\/a><\/li>\n<\/ul>\n\n\n\n<p>Puedes ejercer esta opci\u00f3n de evitar el uso de Cookies en cualquier momento. Ten en cuenta que la gesti\u00f3n del panel de configuraci\u00f3n de Cookies y la opci\u00f3n de rechazarlas son espec\u00edficas para cada navegador que utilices.&nbsp;<\/p>\n\n\n\n<p>Por lo tanto, si configuras las Cookies de una determinada manera en un dispositivo y deseas que esa opci\u00f3n se aplique de manera similar en otro dispositivo, deber\u00e1s activar la misma opci\u00f3n en ese otro dispositivo.<\/p>\n\n\n\n<p>El usuario debe tener en cuenta que algunas caracter\u00edsticas de los contenidos de nuestra p\u00e1gina web solo est\u00e1n disponibles si se permite la instalaci\u00f3n de Cookies en su navegador. Si decide no aceptar o bloquear determinadas Cookies (en funci\u00f3n de su finalidad), puede que esto afecte, total o parcialmente, al funcionamiento normal de la P\u00e1gina Web o que impida el acceso a algunos servicios de la misma.<\/p>\n\n\n\n<h3 class=\"wp-block-heading\"><strong>USO DE LA INFORMACI\u00d3N ALMACENADA EN LAS COOKIES<\/strong><\/h3>\n\n\n\n<p>La informaci\u00f3n almacenada en las Cookies de nuestra web es utilizada \u00fanicamente por nosotros. Sin embargo, algunas Cookies de terceros, gestionadas por entidades externas, pueden ser utilizadas para brindarnos servicios adicionales. Para m\u00e1s detalles, consulta nuestro panel de configuraci\u00f3n de Cookies, accesible en todo momento en nuestra web.&nbsp;<\/p>\n\n\n\n<p>Te sugerimos que revises nuestra Pol\u00edtica de Privacidad en nuestra web para obtener informaci\u00f3n detallada sobre c\u00f3mo se tratan tus datos personales en nuestra colaboraci\u00f3n con terceros, as\u00ed como en las transferencias internacionales de datos. Adem\u00e1s, te recomendamos que consultes las pol\u00edticas de privacidad y las configuraciones de privacidad de estos colaboradores externos a trav\u00e9s de sus propias plataformas.<\/p>\n\n\n\n<h3 class=\"wp-block-heading\"><strong>ACTUALIZACIONES Y CAMBIOS EN LA POL\u00cdTICA DE COOKIES<\/strong><\/h3>\n\n\n\n<p><strong>Museo Ralli, S.L<\/strong> puede modificar esta Pol\u00edtica de Cookies en funci\u00f3n de nuevas exigencias legislativas, reglamentarias, o con la finalidad de adaptar dicha pol\u00edtica a las instrucciones dictadas por la Agencia Espa\u00f1ola de Protecci\u00f3n de Datos.<\/p>\n\n\n\n<p>Si desea m\u00e1s informaci\u00f3n sobre qu\u00e9 uso hacemos de las Cookies, puede enviarnos un e-mail a: marbella@museoralli.es<\/p>\n\n\n\n<div style=\"height:100px\" aria-hidden=\"true\" class=\"wp-block-spacer\"><\/div>\n","protected":false},"excerpt":{"rendered":"<p>\u00bfQU\u00c9 SON LAS COOKIES? Museo Ralli, S.L es responsable de la p\u00e1gina web http:\/\/www.museoralli.es, y utiliza cookies y\/u otros archivos de funcionalidad similar (en adelante \u201cCookies\u201d). Una cookie es un archivo de texto que un sitio web, aplicaci\u00f3n u otra plataforma guarda en tu dispositivo, como tu computadora, tableta o tel\u00e9fono inteligente. Contiene informaci\u00f3n sobre [&hellip;]<\/p>\n","protected":false},"author":2,"featured_media":0,"parent":0,"menu_order":0,"comment_status":"closed","ping_status":"open","template":"","meta":{"footnotes":""},"class_list":["post-2996","page","type-page","status-publish","hentry"],"yoast_head":"<!-- This site is optimized with the Yoast SEO plugin v26.0 - https:\/\/yoast.com\/wordpress\/plugins\/seo\/ -->\n<title>Pol\u00edtica de cookies - (i)realidades<\/title>\n<meta name=\"robots\" content=\"noindex, nofollow\" \/>\n<meta property=\"og:locale\" content=\"es_ES\" \/>\n<meta property=\"og:type\" content=\"article\" \/>\n<meta property=\"og:title\" content=\"Pol\u00edtica de cookies - (i)realidades\" \/>\n<meta property=\"og:description\" content=\"\u00bfQU\u00c9 SON LAS COOKIES? Museo Ralli, S.L es responsable de la p\u00e1gina web http:\/\/www.museoralli.es, y utiliza cookies y\/u otros archivos de funcionalidad similar (en adelante \u201cCookies\u201d). Una cookie es un archivo de texto que un sitio web, aplicaci\u00f3n u otra plataforma guarda en tu dispositivo, como tu computadora, tableta o tel\u00e9fono inteligente. Contiene informaci\u00f3n sobre [&hellip;]\" \/>\n<meta property=\"og:url\" content=\"https:\/\/museoralli.es\/irrealidades\/politica-de-cookies\/\" \/>\n<meta property=\"og:site_name\" content=\"(i)realidades\" \/>\n<meta property=\"article:modified_time\" content=\"2025-05-11T11:50:42+00:00\" \/>\n<meta name=\"twitter:card\" content=\"summary_large_image\" \/>\n<meta name=\"twitter:label1\" content=\"Tiempo de lectura\" \/>\n\t<meta name=\"twitter:data1\" content=\"6 minutos\" \/>\n<script type=\"application\/ld+json\" class=\"yoast-schema-graph\">{\"@context\":\"https:\/\/schema.org\",\"@graph\":[{\"@type\":\"WebPage\",\"@id\":\"https:\/\/museoralli.es\/irrealidades\/politica-de-cookies\/\",\"url\":\"https:\/\/museoralli.es\/irrealidades\/politica-de-cookies\/\",\"name\":\"Pol\u00edtica de cookies - (i)realidades\",\"isPartOf\":{\"@id\":\"https:\/\/museoralli.es\/irrealidades\/#website\"},\"datePublished\":\"2024-11-21T17:14:07+00:00\",\"dateModified\":\"2025-05-11T11:50:42+00:00\",\"breadcrumb\":{\"@id\":\"https:\/\/museoralli.es\/irrealidades\/politica-de-cookies\/#breadcrumb\"},\"inLanguage\":\"es\",\"potentialAction\":[{\"@type\":\"ReadAction\",\"target\":[\"https:\/\/museoralli.es\/irrealidades\/politica-de-cookies\/\"]}]},{\"@type\":\"BreadcrumbList\",\"@id\":\"https:\/\/museoralli.es\/irrealidades\/politica-de-cookies\/#breadcrumb\",\"itemListElement\":[{\"@type\":\"ListItem\",\"position\":1,\"name\":\"Portada\",\"item\":\"https:\/\/museoralli.es\/irrealidades\/home\/\"},{\"@type\":\"ListItem\",\"position\":2,\"name\":\"Pol\u00edtica de cookies\"}]},{\"@type\":\"WebSite\",\"@id\":\"https:\/\/museoralli.es\/irrealidades\/#website\",\"url\":\"https:\/\/museoralli.es\/irrealidades\/\",\"name\":\"(i)realidades Museo Ralli\",\"description\":\"Un proyecto educativo art\u00edstico del Museo Ralli Marbella\",\"publisher\":{\"@id\":\"https:\/\/museoralli.es\/irrealidades\/#organization\"},\"potentialAction\":[{\"@type\":\"SearchAction\",\"target\":{\"@type\":\"EntryPoint\",\"urlTemplate\":\"https:\/\/museoralli.es\/irrealidades\/?s={search_term_string}\"},\"query-input\":{\"@type\":\"PropertyValueSpecification\",\"valueRequired\":true,\"valueName\":\"search_term_string\"}}],\"inLanguage\":\"es\"},{\"@type\":\"Organization\",\"@id\":\"https:\/\/museoralli.es\/irrealidades\/#organization\",\"name\":\"(i)realidades\",\"url\":\"https:\/\/museoralli.es\/irrealidades\/\",\"logo\":{\"@type\":\"ImageObject\",\"inLanguage\":\"es\",\"@id\":\"https:\/\/museoralli.es\/irrealidades\/#\/schema\/logo\/image\/\",\"url\":\"https:\/\/museoralli.es\/irrealidades\/wp-content\/uploads\/2025\/05\/Logo-vectorial-1.jpg\",\"contentUrl\":\"https:\/\/museoralli.es\/irrealidades\/wp-content\/uploads\/2025\/05\/Logo-vectorial-1.jpg\",\"width\":438,\"height\":75,\"caption\":\"(i)realidades\"},\"image\":{\"@id\":\"https:\/\/museoralli.es\/irrealidades\/#\/schema\/logo\/image\/\"}}]}<\/script>\n<!-- \/ Yoast SEO plugin. -->","yoast_head_json":{"title":"Pol\u00edtica de cookies - (i)realidades","robots":{"index":"noindex","follow":"nofollow"},"og_locale":"es_ES","og_type":"article","og_title":"Pol\u00edtica de cookies - (i)realidades","og_description":"\u00bfQU\u00c9 SON LAS COOKIES? Museo Ralli, S.L es responsable de la p\u00e1gina web http:\/\/www.museoralli.es, y utiliza cookies y\/u otros archivos de funcionalidad similar (en adelante \u201cCookies\u201d). Una cookie es un archivo de texto que un sitio web, aplicaci\u00f3n u otra plataforma guarda en tu dispositivo, como tu computadora, tableta o tel\u00e9fono inteligente. Contiene informaci\u00f3n sobre [&hellip;]","og_url":"https:\/\/museoralli.es\/irrealidades\/politica-de-cookies\/","og_site_name":"(i)realidades","article_modified_time":"2025-05-11T11:50:42+00:00","twitter_card":"summary_large_image","twitter_misc":{"Tiempo de lectura":"6 minutos"},"schema":{"@context":"https:\/\/schema.org","@graph":[{"@type":"WebPage","@id":"https:\/\/museoralli.es\/irrealidades\/politica-de-cookies\/","url":"https:\/\/museoralli.es\/irrealidades\/politica-de-cookies\/","name":"Pol\u00edtica de cookies - (i)realidades","isPartOf":{"@id":"https:\/\/museoralli.es\/irrealidades\/#website"},"datePublished":"2024-11-21T17:14:07+00:00","dateModified":"2025-05-11T11:50:42+00:00","breadcrumb":{"@id":"https:\/\/museoralli.es\/irrealidades\/politica-de-cookies\/#breadcrumb"},"inLanguage":"es","potentialAction":[{"@type":"ReadAction","target":["https:\/\/museoralli.es\/irrealidades\/politica-de-cookies\/"]}]},{"@type":"BreadcrumbList","@id":"https:\/\/museoralli.es\/irrealidades\/politica-de-cookies\/#breadcrumb","itemListElement":[{"@type":"ListItem","position":1,"name":"Portada","item":"https:\/\/museoralli.es\/irrealidades\/home\/"},{"@type":"ListItem","position":2,"name":"Pol\u00edtica de cookies"}]},{"@type":"WebSite","@id":"https:\/\/museoralli.es\/irrealidades\/#website","url":"https:\/\/museoralli.es\/irrealidades\/","name":"(i)realidades Museo Ralli","description":"Un proyecto educativo art\u00edstico del Museo Ralli Marbella","publisher":{"@id":"https:\/\/museoralli.es\/irrealidades\/#organization"},"potentialAction":[{"@type":"SearchAction","target":{"@type":"EntryPoint","urlTemplate":"https:\/\/museoralli.es\/irrealidades\/?s={search_term_string}"},"query-input":{"@type":"PropertyValueSpecification","valueRequired":true,"valueName":"search_term_string"}}],"inLanguage":"es"},{"@type":"Organization","@id":"https:\/\/museoralli.es\/irrealidades\/#organization","name":"(i)realidades","url":"https:\/\/museoralli.es\/irrealidades\/","logo":{"@type":"ImageObject","inLanguage":"es","@id":"https:\/\/museoralli.es\/irrealidades\/#\/schema\/logo\/image\/","url":"https:\/\/museoralli.es\/irrealidades\/wp-content\/uploads\/2025\/05\/Logo-vectorial-1.jpg","contentUrl":"https:\/\/museoralli.es\/irrealidades\/wp-content\/uploads\/2025\/05\/Logo-vectorial-1.jpg","width":438,"height":75,"caption":"(i)realidades"},"image":{"@id":"https:\/\/museoralli.es\/irrealidades\/#\/schema\/logo\/image\/"}}]}},"_links":{"self":[{"href":"https:\/\/museoralli.es\/irrealidades\/wp-json\/wp\/v2\/pages\/2996","targetHints":{"allow":["GET"]}}],"collection":[{"href":"https:\/\/museoralli.es\/irrealidades\/wp-json\/wp\/v2\/pages"}],"about":[{"href":"https:\/\/museoralli.es\/irrealidades\/wp-json\/wp\/v2\/types\/page"}],"author":[{"embeddable":true,"href":"https:\/\/museoralli.es\/irrealidades\/wp-json\/wp\/v2\/users\/2"}],"replies":[{"embeddable":true,"href":"https:\/\/museoralli.es\/irrealidades\/wp-json\/wp\/v2\/comments?post=2996"}],"version-history":[{"count":1,"href":"https:\/\/museoralli.es\/irrealidades\/wp-json\/wp\/v2\/pages\/2996\/revisions"}],"predecessor-version":[{"id":2997,"href":"https:\/\/museoralli.es\/irrealidades\/wp-json\/wp\/v2\/pages\/2996\/revisions\/2997"}],"wp:attachment":[{"href":"https:\/\/museoralli.es\/irrealidades\/wp-json\/wp\/v2\/media?parent=2996"}],"curies":[{"name":"wp","href":"https:\/\/api.w.org\/{rel}","templated":true}]}}